{"id":17002,"date":"2020-10-07T13:36:25","date_gmt":"2020-10-07T12:36:25","guid":{"rendered":"https:\/\/www.ldw.org.uk\/?page_id=17002"},"modified":"2020-11-04T11:18:57","modified_gmt":"2020-11-04T11:18:57","slug":"sesiynau-yn-pawb","status":"publish","type":"page","link":"https:\/\/www.ldw.org.uk\/cy\/sesiynau-yn-pawb\/","title":{"rendered":"Sesiynau yn Pawb"},"content":{"rendered":"<p>Rydym yn cynnal dros 20 o sesiynau ar-lein ar gyfer ein Cynhadledd Flynyddol eleni.<\/p>\n<p>Gallwch weld manylion y sesiynau isod.<\/p>\n<p>Ar \u00f4l ichi benderfynu ar yr un i ymuno \u00e2 hi, cofrestrwch ar-lein. Gallwch ymuno \u00e2 chymaint o sesiynau ag y dymunwch, ac maent i gyd am ddim.<\/p>\n<p>&nbsp;<\/p>\n<p>&nbsp;<\/p>\n<p>Pob sesiyn yn cael ei noddi gan<\/p>\n<p><a href=\"https:\/\/careerswales.gov.wales\/\" target=\"_blank\" rel=\"noopener noreferrer\"><img decoding=\"async\" loading=\"lazy\" class=\"alignnone wp-image-16553\" src=\"https:\/\/www.ldw.org.uk\/wp-content\/uploads\/2019\/12\/Careers-Wales-logo-2-002-300x108.png\" alt=\"\" width=\"203\" height=\"73\" srcset=\"https:\/\/www.ldw.org.uk\/wp-content\/uploads\/2019\/12\/Careers-Wales-logo-2-002-300x108.png 300w, https:\/\/www.ldw.org.uk\/wp-content\/uploads\/2019\/12\/Careers-Wales-logo-2-002-1024x369.png 1024w, https:\/\/www.ldw.org.uk\/wp-content\/uploads\/2019\/12\/Careers-Wales-logo-2-002-768x277.png 768w, https:\/\/www.ldw.org.uk\/wp-content\/uploads\/2019\/12\/Careers-Wales-logo-2-002-600x216.png 600w, https:\/\/www.ldw.org.uk\/wp-content\/uploads\/2019\/12\/Careers-Wales-logo-2-002.png 1418w\" sizes=\"(max-width: 203px) 100vw, 203px\" \/><\/a> <a href=\"https:\/\/www.drive-wales.org.uk\/\" target=\"_blank\" rel=\"noopener noreferrer\"><img decoding=\"async\" loading=\"lazy\" class=\"alignnone wp-image-16462 size-medium\" src=\"https:\/\/www.ldw.org.uk\/wp-content\/uploads\/2020\/09\/Drive_Strapline_RGB-300x101.jpg\" alt=\"Drive logo\" width=\"300\" height=\"101\" srcset=\"https:\/\/www.ldw.org.uk\/wp-content\/uploads\/2020\/09\/Drive_Strapline_RGB-300x101.jpg 300w, https:\/\/www.ldw.org.uk\/wp-content\/uploads\/2020\/09\/Drive_Strapline_RGB-1024x346.jpg 1024w, https:\/\/www.ldw.org.uk\/wp-content\/uploads\/2020\/09\/Drive_Strapline_RGB-768x259.jpg 768w, https:\/\/www.ldw.org.uk\/wp-content\/uploads\/2020\/09\/Drive_Strapline_RGB-1536x518.jpg 1536w, https:\/\/www.ldw.org.uk\/wp-content\/uploads\/2020\/09\/Drive_Strapline_RGB-2048x691.jpg 2048w, https:\/\/www.ldw.org.uk\/wp-content\/uploads\/2020\/09\/Drive_Strapline_RGB-600x203.jpg 600w\" sizes=\"(max-width: 300px) 100vw, 300px\" \/><\/a> <a href=\"https:\/\/www.nationalstar.org\/\" target=\"_blank\" rel=\"noopener noreferrer\"><img decoding=\"async\" loading=\"lazy\" class=\"alignnone wp-image-17044\" src=\"https:\/\/www.ldw.org.uk\/wp-content\/uploads\/2020\/10\/NS-core-logo-cmyk-002-300x287.jpg\" alt=\"National Star College Logo\" width=\"124\" height=\"118\" srcset=\"https:\/\/www.ldw.org.uk\/wp-content\/uploads\/2020\/10\/NS-core-logo-cmyk-002-300x287.jpg 300w, https:\/\/www.ldw.org.uk\/wp-content\/uploads\/2020\/10\/NS-core-logo-cmyk-002-1024x978.jpg 1024w, https:\/\/www.ldw.org.uk\/wp-content\/uploads\/2020\/10\/NS-core-logo-cmyk-002-768x733.jpg 768w, https:\/\/www.ldw.org.uk\/wp-content\/uploads\/2020\/10\/NS-core-logo-cmyk-002-1536x1467.jpg 1536w, https:\/\/www.ldw.org.uk\/wp-content\/uploads\/2020\/10\/NS-core-logo-cmyk-002-600x573.jpg 600w, https:\/\/www.ldw.org.uk\/wp-content\/uploads\/2020\/10\/NS-core-logo-cmyk-002.jpg 1580w\" sizes=\"(max-width: 124px) 100vw, 124px\" \/><\/a> \u00a0<a href=\"https:\/\/www.poblgroup.co.uk\/\" target=\"_blank\" rel=\"noopener noreferrer\"><img decoding=\"async\" loading=\"lazy\" class=\"alignnone wp-image-17227\" src=\"https:\/\/www.ldw.org.uk\/wp-content\/uploads\/2019\/12\/Pobl.png\" alt=\"PObl logo\" width=\"249\" height=\"140\" \/><\/a><\/p>\n","protected":false},"excerpt":{"rendered":"<p>Rydym yn cynnal dros 20 o sesiynau ar-lein ar gyfer ein Cynhadledd Flynyddol eleni. Gallwch weld manylion y sesiynau isod. Ar \u00f4l ichi benderfynu ar yr un i ymuno \u00e2 hi, cofrestrwch ar-lein. Gallwch ymuno \u00e2 chymaint o sesiynau ag y dymunwch, ac maent i gyd am ddim. &nbsp; &nbsp; Pob sesiyn yn cael ei &hellip; <a href=\"https:\/\/www.ldw.org.uk\/cy\/sesiynau-yn-pawb\/\">Continued<\/a><\/p>\n","protected":false},"author":4,"featured_media":0,"parent":0,"menu_order":0,"comment_status":"closed","ping_status":"closed","template":"","meta":[],"acf":[],"yoast_head":"<!-- This site is optimized with the Yoast SEO plugin v20.11 - https:\/\/yoast.com\/wordpress\/plugins\/seo\/ -->\n<title>Sesiynau yn Pawb - Anabledd Dysgu Cymru<\/title>\n<meta name=\"robots\" content=\"index, follow, max-snippet:-1, max-image-preview:large, max-video-preview:-1\" \/>\n<link rel=\"canonical\" href=\"https:\/\/www.ldw.org.uk\/cy\/sesiynau-yn-pawb\/\" \/>\n<meta property=\"og:locale\" content=\"cy_GB\" \/>\n<meta property=\"og:type\" content=\"article\" \/>\n<meta property=\"og:title\" content=\"Sesiynau yn Pawb - Anabledd Dysgu Cymru\" \/>\n<meta property=\"og:description\" content=\"Rydym yn cynnal dros 20 o sesiynau ar-lein ar gyfer ein Cynhadledd Flynyddol eleni. Gallwch weld manylion y sesiynau isod. Ar \u00f4l ichi benderfynu ar yr un i ymuno \u00e2 hi, cofrestrwch ar-lein. Gallwch ymuno \u00e2 chymaint o sesiynau ag y dymunwch, ac maent i gyd am ddim. &nbsp; &nbsp; Pob sesiyn yn cael ei &hellip; Continued\" \/>\n<meta property=\"og:url\" content=\"https:\/\/www.ldw.org.uk\/cy\/sesiynau-yn-pawb\/\" \/>\n<meta property=\"og:site_name\" content=\"Anabledd Dysgu Cymru\" \/>\n<meta property=\"article:modified_time\" content=\"2020-11-04T11:18:57+00:00\" \/>\n<meta property=\"og:image\" content=\"https:\/\/www.ldw.org.uk\/wp-content\/uploads\/2019\/12\/Careers-Wales-logo-2-002-300x108.png\" \/>\n<meta name=\"twitter:card\" content=\"summary_large_image\" \/>\n<script type=\"application\/ld+json\" class=\"yoast-schema-graph\">{\"@context\":\"https:\/\/schema.org\",\"@graph\":[{\"@type\":\"WebPage\",\"@id\":\"https:\/\/www.ldw.org.uk\/cy\/sesiynau-yn-pawb\/\",\"url\":\"https:\/\/www.ldw.org.uk\/cy\/sesiynau-yn-pawb\/\",\"name\":\"Sesiynau yn Pawb - Anabledd Dysgu Cymru\",\"isPartOf\":{\"@id\":\"https:\/\/www.ldw.org.uk\/#website\"},\"datePublished\":\"2020-10-07T12:36:25+00:00\",\"dateModified\":\"2020-11-04T11:18:57+00:00\",\"breadcrumb\":{\"@id\":\"https:\/\/www.ldw.org.uk\/cy\/sesiynau-yn-pawb\/#breadcrumb\"},\"inLanguage\":\"cy-GB\",\"potentialAction\":[{\"@type\":\"ReadAction\",\"target\":[\"https:\/\/www.ldw.org.uk\/cy\/sesiynau-yn-pawb\/\"]}]},{\"@type\":\"BreadcrumbList\",\"@id\":\"https:\/\/www.ldw.org.uk\/cy\/sesiynau-yn-pawb\/#breadcrumb\",\"itemListElement\":[{\"@type\":\"ListItem\",\"position\":1,\"name\":\"Cartref\",\"item\":\"https:\/\/www.ldw.org.uk\/cy\/\"},{\"@type\":\"ListItem\",\"position\":2,\"name\":\"Sesiynau yn Pawb\"}]},{\"@type\":\"WebSite\",\"@id\":\"https:\/\/www.ldw.org.uk\/#website\",\"url\":\"https:\/\/www.ldw.org.uk\/\",\"name\":\"Anabledd Dysgu Cymru\",\"description\":\"\",\"potentialAction\":[{\"@type\":\"SearchAction\",\"target\":{\"@type\":\"EntryPoint\",\"urlTemplate\":\"https:\/\/www.ldw.org.uk\/?s={search_term_string}\"},\"query-input\":\"required name=search_term_string\"}],\"inLanguage\":\"cy-GB\"}]}<\/script>\n<!-- \/ Yoast SEO plugin. -->","yoast_head_json":{"title":"Sesiynau yn Pawb - Anabledd Dysgu Cymru","robots":{"index":"index","follow":"follow","max-snippet":"max-snippet:-1","max-image-preview":"max-image-preview:large","max-video-preview":"max-video-preview:-1"},"canonical":"https:\/\/www.ldw.org.uk\/cy\/sesiynau-yn-pawb\/","og_locale":"cy_GB","og_type":"article","og_title":"Sesiynau yn Pawb - Anabledd Dysgu Cymru","og_description":"Rydym yn cynnal dros 20 o sesiynau ar-lein ar gyfer ein Cynhadledd Flynyddol eleni. Gallwch weld manylion y sesiynau isod. Ar \u00f4l ichi benderfynu ar yr un i ymuno \u00e2 hi, cofrestrwch ar-lein. Gallwch ymuno \u00e2 chymaint o sesiynau ag y dymunwch, ac maent i gyd am ddim. &nbsp; &nbsp; Pob sesiyn yn cael ei &hellip; Continued","og_url":"https:\/\/www.ldw.org.uk\/cy\/sesiynau-yn-pawb\/","og_site_name":"Anabledd Dysgu Cymru","article_modified_time":"2020-11-04T11:18:57+00:00","og_image":[{"url":"https:\/\/www.ldw.org.uk\/wp-content\/uploads\/2019\/12\/Careers-Wales-logo-2-002-300x108.png"}],"twitter_card":"summary_large_image","schema":{"@context":"https:\/\/schema.org","@graph":[{"@type":"WebPage","@id":"https:\/\/www.ldw.org.uk\/cy\/sesiynau-yn-pawb\/","url":"https:\/\/www.ldw.org.uk\/cy\/sesiynau-yn-pawb\/","name":"Sesiynau yn Pawb - Anabledd Dysgu Cymru","isPartOf":{"@id":"https:\/\/www.ldw.org.uk\/#website"},"datePublished":"2020-10-07T12:36:25+00:00","dateModified":"2020-11-04T11:18:57+00:00","breadcrumb":{"@id":"https:\/\/www.ldw.org.uk\/cy\/sesiynau-yn-pawb\/#breadcrumb"},"inLanguage":"cy-GB","potentialAction":[{"@type":"ReadAction","target":["https:\/\/www.ldw.org.uk\/cy\/sesiynau-yn-pawb\/"]}]},{"@type":"BreadcrumbList","@id":"https:\/\/www.ldw.org.uk\/cy\/sesiynau-yn-pawb\/#breadcrumb","itemListElement":[{"@type":"ListItem","position":1,"name":"Cartref","item":"https:\/\/www.ldw.org.uk\/cy\/"},{"@type":"ListItem","position":2,"name":"Sesiynau yn Pawb"}]},{"@type":"WebSite","@id":"https:\/\/www.ldw.org.uk\/#website","url":"https:\/\/www.ldw.org.uk\/","name":"Anabledd Dysgu Cymru","description":"","potentialAction":[{"@type":"SearchAction","target":{"@type":"EntryPoint","urlTemplate":"https:\/\/www.ldw.org.uk\/?s={search_term_string}"},"query-input":"required name=search_term_string"}],"inLanguage":"cy-GB"}]}},"_links":{"self":[{"href":"https:\/\/www.ldw.org.uk\/cy\/wp-json\/wp\/v2\/pages\/17002"}],"collection":[{"href":"https:\/\/www.ldw.org.uk\/cy\/wp-json\/wp\/v2\/pages"}],"about":[{"href":"https:\/\/www.ldw.org.uk\/cy\/wp-json\/wp\/v2\/types\/page"}],"author":[{"embeddable":true,"href":"https:\/\/www.ldw.org.uk\/cy\/wp-json\/wp\/v2\/users\/4"}],"replies":[{"embeddable":true,"href":"https:\/\/www.ldw.org.uk\/cy\/wp-json\/wp\/v2\/comments?post=17002"}],"version-history":[{"count":27,"href":"https:\/\/www.ldw.org.uk\/cy\/wp-json\/wp\/v2\/pages\/17002\/revisions"}],"predecessor-version":[{"id":17444,"href":"https:\/\/www.ldw.org.uk\/cy\/wp-json\/wp\/v2\/pages\/17002\/revisions\/17444"}],"wp:attachment":[{"href":"https:\/\/www.ldw.org.uk\/cy\/wp-json\/wp\/v2\/media?parent=17002"}],"curies":[{"name":"wp","href":"https:\/\/api.w.org\/{rel}","templated":true}]}}