{"id":36090,"date":"2023-08-15T09:48:00","date_gmt":"2023-08-15T08:48:00","guid":{"rendered":"https:\/\/www.ldw.org.uk\/?page_id=36090"},"modified":"2025-02-25T12:05:49","modified_gmt":"2025-02-25T12:05:49","slug":"36090-2","status":"publish","type":"page","link":"https:\/\/www.ldw.org.uk\/cy\/about-us\/36090-2\/","title":{"rendered":"Gweithio i Anabledd Dysgu Cymru"},"content":{"rendered":"<p><strong><img decoding=\"async\" loading=\"lazy\" class=\"alignright wp-image-36719 size-medium\" src=\"http:\/\/www.ldw.org.uk\/wp-content\/uploads\/2023\/11\/IMG_2222-1-scaled-e1700679254753-300x190.jpg\" alt=\"Group photo of the Learning Disability Wales team. Everyone is wearing red polo shirts, smiling and looking at the camera\" width=\"300\" height=\"190\" srcset=\"https:\/\/www.ldw.org.uk\/wp-content\/uploads\/2023\/11\/IMG_2222-1-scaled-e1700679254753-300x190.jpg 300w, https:\/\/www.ldw.org.uk\/wp-content\/uploads\/2023\/11\/IMG_2222-1-scaled-e1700679254753-768x485.jpg 768w, https:\/\/www.ldw.org.uk\/wp-content\/uploads\/2023\/11\/IMG_2222-1-scaled-e1700679254753-600x379.jpg 600w, https:\/\/www.ldw.org.uk\/wp-content\/uploads\/2023\/11\/IMG_2222-1-scaled-e1700679254753.jpg 1000w\" sizes=\"(max-width: 300px) 100vw, 300px\" \/>Mae Anabledd Dysgu Cymru wedi ymrwymo i ddatblygu a chefnogi t\u00eem staff amrywiol. Mae cydraddoldeb ac amrywiaeth yn hynod bwysig i ni ac mae gwerthoedd ein t\u00eem yn adlewyrchu hyn. Mae&#8217;r dudalen hon yn s\u00f4n am yr hyn y gall gweithwyr newydd ei ddisgwyl pan fyddant yn ymuno \u00e2&#8217;n t\u00eem.<\/strong><\/p>\n<p>Fel cyflogwr cyfle cyfartal, rydym yn awyddus i glywed gennych os ydych wedi profi gwahaniaethu wrth ymgeisio am swyddi.<\/p>\n<p><strong>Swyddi gwag cyfredol<\/strong><\/p>\n<p>Dilynwch ni\u00a0 ar <a href=\"https:\/\/www.linkedin.com\/company\/learning-disability-wales\">LinkedIn<\/a>, <a href=\"https:\/\/www.facebook.com\/learningdisabilitywales\">Facebook<\/a> a <a href=\"https:\/\/twitter.com\/LdWales\">Twitter<\/a> neu edrychwch ar ein tudalennau <a href=\"https:\/\/www.ldw.org.uk\/cy\/news-policy\/\">newyddion<\/a> i gael gwybod am gyfleoedd yn y dyfodol.<\/p>\n<p><strong>Sut brofiad yw gweithio i Anabledd Dysgu Cymru<\/strong><\/p>\n<p><strong>Rydym yn gofyn i&#8217;n t\u00eem yn rheolaidd <\/strong><strong>\u00a0am eu barn ar weithio i Anabledd Dysgu Cymru.<\/strong><\/p>\n<p style=\"padding-left: 40px;\">&#8220;Rwy&#8217;n teimlo&#8217;n falch o fod yn gweithio i sefydliad sydd \u00e2 gwerthoedd mor gryf sy&#8217;n gwneud gwahaniaeth cadarnhaol i fywydau pobl. Rwyf wrth fy modd yn gweithio gyda gr\u0175p mor gefnogol, talentog ac angerddol o bobl.&#8221;<\/p>\n<p style=\"padding-left: 40px;\">&#8220;Rwy&#8217;n hoffi gweithio i Anabledd Dysgu Cymru oherwydd mae gennym d\u00eem yma sy&#8217;n trin ein gilydd gyda chefnogaeth a charedigrwydd. Rwyf hefyd wedi gweld bod Anabledd Dysgu Cymru yn gyflogwr gwych iawn o ran cefnogaeth bendant am bethau fel gofalu am fy iechyd meddwl, addasiadau rhesymol ac yn gyffredinol creu amgylchedd gwaith sy&#8217;n cyd-fynd ag anghenion gweithwyr unigol.&#8221;<\/p>\n<p style=\"padding-left: 40px;\">&#8220;Mae Anabledd Dysgu Cymru yn gwerthfawrogi ei weithwyr, ac rwy&#8217;n falch o fod yn rhan annatod o sicrhau bod ein diwylliant, ein polis\u00efau a&#8217;n harferion gwaith yn adlewyrchu ein bod yn parhau i weithio tuag at fod yn gyflogwr teg, cyfartal a chynhwysol.&#8221;<\/p>\n<p style=\"padding-left: 40px;\">&#8220;Byddwn yn bendant yn dweud bod y t\u00eem cefnogol ac angerddol yn dod drosodd yn gryf iawn. A&#8217;r ymdeimlad bod pawb wedi ymrwymo i wneud yr hyn maen nhw&#8217;n ei wneud ac yn wirioneddol weithio tuag at wneud gwahaniaeth.&#8221;<\/p>\n<p style=\"padding-left: 40px;\">&#8220;Mae Anabledd Dysgu Cymru yn sefydliad sydd \u00e2 diwylliant gwaith rhagorol a th\u00eem croesawgar a chefnogol.&#8221;<\/p>\n<p><a href=\"https:\/\/www.ldw.org.uk\/cy\/about-us\/our-staff-trustees\/\">Darganfyddwch fwy am ein t\u00eem yma.<\/a><\/p>\n<p><strong>Ein diwylliant a&#8217;n llesiant<\/strong><\/p>\n<ul>\n<li>Mae ein t\u00eem yn angerddol, ymroddedig, cynhwysol a chefnogol. Adlewyrchir hyn yng ngwerthoedd y t\u00eem a\u2019r ffordd rydym yn gweithio gyda&#8217;n gilydd a chydag eraill.<\/li>\n<li>Mae gennym bolis\u00efau cyfeillgar i deuluoedd ac arferion gweithio hyblyg gan gynnwys gweithio hybrid lle gallwch rannu eich amser rhwng gweithio yn ein swyddfa a&#8217;ch cartref.<\/li>\n<li>Mae gennym amgylchedd gwaith croesawgar a chynhwysol, lle rydym yn sensitif i wahaniaethau diwylliannol, niwroamrywiaeth, anabledd, hunaniaeth rhywedd a nodweddion gwarchodedig eraill.<\/li>\n<li>Rydym yn cynnig absenoldeb dibynyddion \u00e2 th\u00e2l, amser i ffwrdd ar gyfer apwyntiadau meddygol ac archwiliad iechyd llygaid am ddim i ddefnyddwyr sgrin arddangos.<\/li>\n<li>Rydym yn annog ac yn hyrwyddo iechyd a llesiant yn y gwaith.<\/li>\n<li>Rydym yn darparu Rhaglen Cymorth i Weithwyr sy&#8217;n cynnig cefnogaeth, cyngor a chwnsela am ddim i chi a&#8217;ch teulu.<\/li>\n<\/ul>\n<p><strong>Ein swyddfa<\/strong><\/p>\n<p>Mae gennym swyddfa fodern, sydd \u00e2 chyfarpar da ac eang yn agos at siopau ac amwynderau lleol eraill, gyda chysylltiadau trafnidiaeth gyhoeddus ardderchog.<\/p>\n<p>Mae mynediad gyda ramp i&#8217;n swyddfa. Mae&#8217;r llawr gwaelod yn cynnwys ein derbynfa, ystafell gyfarfod, gofod gwaith, lluniaeth a thoiled. Efallai y bydd rhai pobl angen cymorth gyda drysau t\u00e2n trwm.<\/p>\n<p>Mae 18 o risiau i&#8217;r ail lawr lle mae mwy o le gwaith, cegin a th\u0177 bach wedi&#8217;i leoli.<\/p>\n<p>Rydym yn cynnig parcio am ddim, raciau beic, cynhyrchion hylendid personol, te\/coffi a chiniawau brys.<\/p>\n<p><strong>Cefnogaeth a datblygiad<\/strong><\/p>\n<p>Mae ein t\u00eem yn cael eu gwerthfawrogi a&#8217;u cefnogi yn eu gwaith ac yn derbyn cefnogaeth a chyfeiriad rheolaidd fel y gallant wneud eu gwaith yn dda a datblygu eu sgiliau.<\/p>\n<p>Rydym yn darparu rhaglen sefydlu gynhwysfawr i helpu gweithwyr newydd i ymgartrefu yn eu rolau newydd.<\/p>\n<p>Rydym yn cynnal cyfarfodydd t\u00eem rheolaidd ac yn cynnal diwrnodau t\u00eem bob blwyddyn i bawb ddod at ei gilydd, rhannu gwybodaeth a chael hwyl.<\/p>\n<p><strong>Talu<\/strong><\/p>\n<p>Rydym yn cynnal adolygiad cyflog bob 3 blynedd i sicrhau bod ein cyflogau&#8217;n gystadleuol gyda sefydliadau trydydd sector tebyg yng Nghymru.<\/p>\n<p>Mae gennym ein graddfa gyflog ein hunain, ac mae pob gradd yn derbyn 2 gynyddiad blynyddol.<\/p>\n<p><strong>Gwyliau blynyddol<\/strong><\/p>\n<p>Rydym yn cynnig hawl gwyliau blynyddol hael o 25 diwrnod gan godi 1 diwrnod ar gyfer pob blwyddyn a weithiwyd hyd at 28 diwrnod ynghyd \u00e2 gwyliau banc statudol.\u00a0\u00a0I gefnogi ein hymrwymiad i fod yn gyflogwr diwylliannol gynhwysol, gellir cyfnewid gwyliau banc crefyddol i ddathlu unrhyw wyliau diwylliannol\/crefyddol eraill<\/p>\n<p><strong>Pensiwn<\/strong><\/p>\n<p>Byddwn yn cyfrannu 7.5% o&#8217;ch cyflog cyn belled \u00e2&#8217;ch bod yn cyfrannu o leiaf 0.5% (neu fwy os dymunwch).<\/p>\n<p>&nbsp;<\/p>\n","protected":false},"excerpt":{"rendered":"<p>Mae Anabledd Dysgu Cymru wedi ymrwymo i ddatblygu a chefnogi t\u00eem staff amrywiol. Mae cydraddoldeb ac amrywiaeth yn hynod bwysig i ni ac mae gwerthoedd ein t\u00eem yn adlewyrchu hyn. Mae&#8217;r dudalen hon yn s\u00f4n am yr hyn y gall gweithwyr newydd ei ddisgwyl pan fyddant yn ymuno \u00e2&#8217;n t\u00eem. Fel cyflogwr cyfle cyfartal, rydym &hellip; <a href=\"https:\/\/www.ldw.org.uk\/cy\/about-us\/36090-2\/\">Continued<\/a><\/p>\n","protected":false},"author":7,"featured_media":33245,"parent":514,"menu_order":0,"comment_status":"closed","ping_status":"closed","template":"","meta":[],"acf":[],"yoast_head":"<!-- This site is optimized with the Yoast SEO plugin v20.11 - https:\/\/yoast.com\/wordpress\/plugins\/seo\/ -->\n<title>Gweithio i Anabledd Dysgu Cymru - Anabledd Dysgu Cymru<\/title>\n<meta name=\"description\" content=\"Mae Anabledd Dysgu Cymru wedi ymrwymo i ddatblygu a chefnogi t\u00eem staff amrywiol. Mae cydraddoldeb ac amrywiaeth yn hynod bwysig i ni ac mae gwerthoedd ein t\u00eem yn adlewyrchu hyn. Mae&#039;r dudalen hon yn s\u00f4n am yr hyn y gall gweithwyr newydd ei ddisgwyl pan fyddant yn ymuno \u00e2&#039;n t\u00eem.\" \/>\n<meta name=\"robots\" content=\"index, follow, max-snippet:-1, max-image-preview:large, max-video-preview:-1\" \/>\n<link rel=\"canonical\" href=\"https:\/\/www.ldw.org.uk\/cy\/about-us\/36090-2\/\" \/>\n<meta property=\"og:locale\" content=\"cy_GB\" \/>\n<meta property=\"og:type\" content=\"article\" \/>\n<meta property=\"og:title\" content=\"Gweithio i Anabledd Dysgu Cymru - Anabledd Dysgu Cymru\" \/>\n<meta property=\"og:description\" content=\"Mae Anabledd Dysgu Cymru wedi ymrwymo i ddatblygu a chefnogi t\u00eem staff amrywiol. Mae cydraddoldeb ac amrywiaeth yn hynod bwysig i ni ac mae gwerthoedd ein t\u00eem yn adlewyrchu hyn. Mae&#039;r dudalen hon yn s\u00f4n am yr hyn y gall gweithwyr newydd ei ddisgwyl pan fyddant yn ymuno \u00e2&#039;n t\u00eem.\" \/>\n<meta property=\"og:url\" content=\"https:\/\/www.ldw.org.uk\/cy\/about-us\/36090-2\/\" \/>\n<meta property=\"og:site_name\" content=\"Anabledd Dysgu Cymru\" \/>\n<meta property=\"article:modified_time\" content=\"2025-02-25T12:05:49+00:00\" \/>\n<meta property=\"og:image\" content=\"http:\/\/www.ldw.org.uk\/wp-content\/uploads\/2022\/10\/IMG_3039-e1668429442409.jpg\" \/>\n\t<meta property=\"og:image:width\" content=\"2758\" \/>\n\t<meta property=\"og:image:height\" content=\"2050\" \/>\n\t<meta property=\"og:image:type\" content=\"image\/jpeg\" \/>\n<meta name=\"twitter:card\" content=\"summary_large_image\" \/>\n<meta name=\"twitter:label1\" content=\"Est. reading time\" \/>\n\t<meta name=\"twitter:data1\" content=\"4 minutes\" \/>\n<script type=\"application\/ld+json\" class=\"yoast-schema-graph\">{\"@context\":\"https:\/\/schema.org\",\"@graph\":[{\"@type\":\"WebPage\",\"@id\":\"https:\/\/www.ldw.org.uk\/cy\/about-us\/36090-2\/\",\"url\":\"https:\/\/www.ldw.org.uk\/cy\/about-us\/36090-2\/\",\"name\":\"Gweithio i Anabledd Dysgu Cymru - Anabledd Dysgu Cymru\",\"isPartOf\":{\"@id\":\"https:\/\/www.ldw.org.uk\/#website\"},\"datePublished\":\"2023-08-15T08:48:00+00:00\",\"dateModified\":\"2025-02-25T12:05:49+00:00\",\"description\":\"Mae Anabledd Dysgu Cymru wedi ymrwymo i ddatblygu a chefnogi t\u00eem staff amrywiol. Mae cydraddoldeb ac amrywiaeth yn hynod bwysig i ni ac mae gwerthoedd ein t\u00eem yn adlewyrchu hyn. Mae'r dudalen hon yn s\u00f4n am yr hyn y gall gweithwyr newydd ei ddisgwyl pan fyddant yn ymuno \u00e2'n t\u00eem.\",\"breadcrumb\":{\"@id\":\"https:\/\/www.ldw.org.uk\/cy\/about-us\/36090-2\/#breadcrumb\"},\"inLanguage\":\"cy-GB\",\"potentialAction\":[{\"@type\":\"ReadAction\",\"target\":[\"https:\/\/www.ldw.org.uk\/cy\/about-us\/36090-2\/\"]}]},{\"@type\":\"BreadcrumbList\",\"@id\":\"https:\/\/www.ldw.org.uk\/cy\/about-us\/36090-2\/#breadcrumb\",\"itemListElement\":[{\"@type\":\"ListItem\",\"position\":1,\"name\":\"Cartref\",\"item\":\"https:\/\/www.ldw.org.uk\/cy\/\"},{\"@type\":\"ListItem\",\"position\":2,\"name\":\"Amdanom ni\",\"item\":\"https:\/\/www.ldw.org.uk\/cy\/about-us\/\"},{\"@type\":\"ListItem\",\"position\":3,\"name\":\"Gweithio i Anabledd Dysgu Cymru\"}]},{\"@type\":\"WebSite\",\"@id\":\"https:\/\/www.ldw.org.uk\/#website\",\"url\":\"https:\/\/www.ldw.org.uk\/\",\"name\":\"Anabledd Dysgu Cymru\",\"description\":\"\",\"potentialAction\":[{\"@type\":\"SearchAction\",\"target\":{\"@type\":\"EntryPoint\",\"urlTemplate\":\"https:\/\/www.ldw.org.uk\/?s={search_term_string}\"},\"query-input\":\"required name=search_term_string\"}],\"inLanguage\":\"cy-GB\"}]}<\/script>\n<!-- \/ Yoast SEO plugin. -->","yoast_head_json":{"title":"Gweithio i Anabledd Dysgu Cymru - Anabledd Dysgu Cymru","description":"Mae Anabledd Dysgu Cymru wedi ymrwymo i ddatblygu a chefnogi t\u00eem staff amrywiol. Mae cydraddoldeb ac amrywiaeth yn hynod bwysig i ni ac mae gwerthoedd ein t\u00eem yn adlewyrchu hyn. Mae'r dudalen hon yn s\u00f4n am yr hyn y gall gweithwyr newydd ei ddisgwyl pan fyddant yn ymuno \u00e2'n t\u00eem.","robots":{"index":"index","follow":"follow","max-snippet":"max-snippet:-1","max-image-preview":"max-image-preview:large","max-video-preview":"max-video-preview:-1"},"canonical":"https:\/\/www.ldw.org.uk\/cy\/about-us\/36090-2\/","og_locale":"cy_GB","og_type":"article","og_title":"Gweithio i Anabledd Dysgu Cymru - Anabledd Dysgu Cymru","og_description":"Mae Anabledd Dysgu Cymru wedi ymrwymo i ddatblygu a chefnogi t\u00eem staff amrywiol. Mae cydraddoldeb ac amrywiaeth yn hynod bwysig i ni ac mae gwerthoedd ein t\u00eem yn adlewyrchu hyn. Mae'r dudalen hon yn s\u00f4n am yr hyn y gall gweithwyr newydd ei ddisgwyl pan fyddant yn ymuno \u00e2'n t\u00eem.","og_url":"https:\/\/www.ldw.org.uk\/cy\/about-us\/36090-2\/","og_site_name":"Anabledd Dysgu Cymru","article_modified_time":"2025-02-25T12:05:49+00:00","og_image":[{"width":2758,"height":2050,"url":"http:\/\/www.ldw.org.uk\/wp-content\/uploads\/2022\/10\/IMG_3039-e1668429442409.jpg","type":"image\/jpeg"}],"twitter_card":"summary_large_image","twitter_misc":{"Est. reading time":"4 minutes"},"schema":{"@context":"https:\/\/schema.org","@graph":[{"@type":"WebPage","@id":"https:\/\/www.ldw.org.uk\/cy\/about-us\/36090-2\/","url":"https:\/\/www.ldw.org.uk\/cy\/about-us\/36090-2\/","name":"Gweithio i Anabledd Dysgu Cymru - Anabledd Dysgu Cymru","isPartOf":{"@id":"https:\/\/www.ldw.org.uk\/#website"},"datePublished":"2023-08-15T08:48:00+00:00","dateModified":"2025-02-25T12:05:49+00:00","description":"Mae Anabledd Dysgu Cymru wedi ymrwymo i ddatblygu a chefnogi t\u00eem staff amrywiol. Mae cydraddoldeb ac amrywiaeth yn hynod bwysig i ni ac mae gwerthoedd ein t\u00eem yn adlewyrchu hyn. Mae'r dudalen hon yn s\u00f4n am yr hyn y gall gweithwyr newydd ei ddisgwyl pan fyddant yn ymuno \u00e2'n t\u00eem.","breadcrumb":{"@id":"https:\/\/www.ldw.org.uk\/cy\/about-us\/36090-2\/#breadcrumb"},"inLanguage":"cy-GB","potentialAction":[{"@type":"ReadAction","target":["https:\/\/www.ldw.org.uk\/cy\/about-us\/36090-2\/"]}]},{"@type":"BreadcrumbList","@id":"https:\/\/www.ldw.org.uk\/cy\/about-us\/36090-2\/#breadcrumb","itemListElement":[{"@type":"ListItem","position":1,"name":"Cartref","item":"https:\/\/www.ldw.org.uk\/cy\/"},{"@type":"ListItem","position":2,"name":"Amdanom ni","item":"https:\/\/www.ldw.org.uk\/cy\/about-us\/"},{"@type":"ListItem","position":3,"name":"Gweithio i Anabledd Dysgu Cymru"}]},{"@type":"WebSite","@id":"https:\/\/www.ldw.org.uk\/#website","url":"https:\/\/www.ldw.org.uk\/","name":"Anabledd Dysgu Cymru","description":"","potentialAction":[{"@type":"SearchAction","target":{"@type":"EntryPoint","urlTemplate":"https:\/\/www.ldw.org.uk\/?s={search_term_string}"},"query-input":"required name=search_term_string"}],"inLanguage":"cy-GB"}]}},"_links":{"self":[{"href":"https:\/\/www.ldw.org.uk\/cy\/wp-json\/wp\/v2\/pages\/36090"}],"collection":[{"href":"https:\/\/www.ldw.org.uk\/cy\/wp-json\/wp\/v2\/pages"}],"about":[{"href":"https:\/\/www.ldw.org.uk\/cy\/wp-json\/wp\/v2\/types\/page"}],"author":[{"embeddable":true,"href":"https:\/\/www.ldw.org.uk\/cy\/wp-json\/wp\/v2\/users\/7"}],"replies":[{"embeddable":true,"href":"https:\/\/www.ldw.org.uk\/cy\/wp-json\/wp\/v2\/comments?post=36090"}],"version-history":[{"count":18,"href":"https:\/\/www.ldw.org.uk\/cy\/wp-json\/wp\/v2\/pages\/36090\/revisions"}],"predecessor-version":[{"id":41642,"href":"https:\/\/www.ldw.org.uk\/cy\/wp-json\/wp\/v2\/pages\/36090\/revisions\/41642"}],"up":[{"embeddable":true,"href":"https:\/\/www.ldw.org.uk\/cy\/wp-json\/wp\/v2\/pages\/514"}],"wp:featuredmedia":[{"embeddable":true,"href":"https:\/\/www.ldw.org.uk\/cy\/wp-json\/wp\/v2\/media\/33245"}],"wp:attachment":[{"href":"https:\/\/www.ldw.org.uk\/cy\/wp-json\/wp\/v2\/media?parent=36090"}],"curies":[{"name":"wp","href":"https:\/\/api.w.org\/{rel}","templated":true}]}}