{"id":20343,"date":"2021-02-24T09:59:02","date_gmt":"2021-02-24T09:59:02","guid":{"rendered":"https:\/\/www.ldw.org.uk\/?post_type=product&#038;p=20343"},"modified":"2021-02-24T11:01:55","modified_gmt":"2021-02-24T11:01:55","slug":"y-ffordd-ymlaen","status":"publish","type":"product","link":"https:\/\/www.ldw.org.uk\/cy\/event\/y-ffordd-ymlaen\/","title":{"rendered":"Y ffordd ymlaen &#8211; darparu\u00a0cyflogaeth\u00a0ar\u00a0gyfer\u00a0pobl\u00a0gydag\u00a0anabledd\u00a0dysgu\u00a0ac\u00a0awtistiaeth"},"content":{"rendered":"<p><img decoding=\"async\" loading=\"lazy\" class=\"alignnone wp-image-20378 size-full\" src=\"https:\/\/www.ldw.org.uk\/wp-content\/uploads\/2021\/02\/IMG_0319.jpg\" alt=\"Young man working in a cafe\" width=\"3264\" height=\"2448\" srcset=\"https:\/\/www.ldw.org.uk\/wp-content\/uploads\/2021\/02\/IMG_0319.jpg 3264w, https:\/\/www.ldw.org.uk\/wp-content\/uploads\/2021\/02\/IMG_0319-300x225.jpg 300w, https:\/\/www.ldw.org.uk\/wp-content\/uploads\/2021\/02\/IMG_0319-768x576.jpg 768w, https:\/\/www.ldw.org.uk\/wp-content\/uploads\/2021\/02\/IMG_0319-1024x768.jpg 1024w, https:\/\/www.ldw.org.uk\/wp-content\/uploads\/2021\/02\/IMG_0319-600x450.jpg 600w\" sizes=\"(max-width: 3264px) 100vw, 3264px\" \/><\/p>\n<p>Ymunwch \u00e2 ni ar 24 Mawrth i wybod mwy am yr Ymchwil tu \u00f4l i <a href=\"http:\/\/www.engagetochange.org.uk\/?lang=cy\">Engage to Change<\/a> a\u2019r hyn rydyn ni\u2019n credu sydd eisiau digwydd yng Nghymru i alluogi mwy o bobl gydag anabledd dysgu neu awtistiaeth i ddod o hyd i a chadw gwaith am d\u00e2l.<\/p>\n<p>Er 2016, mae\u2019r prosiect <a href=\"http:\/\/www.engagetochange.org.uk\/?lang=cy\">Engage to Change<\/a> wedi bod yn gweithio ledled Cymru Gyfan i gefnogi pobl ifanc rhwng 16-25 oed gydag anhawster dysgu, anabledd dysgu a\/neu awtistiaeth i gyflawni eu potensial llawn.<\/p>\n<p>Fel rhan o nod y prosiect i ddylanwadu\u2019n gadarnhaol ar agweddau a pholis\u00efau am gyflogaeth \u00e2 chymorth gydag anabledd dysgu a\/neu awtistiaeth, mae ein partneriaid Ymchwil ym <a href=\"https:\/\/www.cardiff.ac.uk\/cy\">Mhrifysgol Caerdydd<\/a> wedi cynhyrchu papurau briffio ar bynciau amrywiol ac wedi gwneud sawl argymhelliad i lunwyr polis\u00efau.<\/p>\n<p>Ar 24 Mawrth 2021, bydd Dr Steve Beyer yn amlinellu cynnwys dau bapur briffio diweddaraf ei d\u00eem am y pynciau canlynol:<\/p>\n<ul>\n<li>Pa newidiadau polisi sydd eisiau i roi mynediad cyfartal ar gyfer pobl gydag anabledd dysgu neu ASA i\u2019r farchnad lafur yng Nghymru?<\/li>\n<li>Sut gall cyflogwyr sector cyhoeddus fel GIG helpu pobl gydag anabledd dysgu neu awtistiaeth i gael swyddi?<\/li>\n<\/ul>\n<p>Caiff cyfranogwyr y cyfle i glywed mwy am yr ymchwil tu \u00f4l i\u2019r papurau briffio a sut gallan nhw gymryd rhan yn ein helpu i gyflawni\u2019r canlyniadau a amlinellwyd yn argymelliadau Dr Beyer.\u00a0 Bydd cyfle hefyd i ofyn cwestiynau a gwybod mwy am waith y prosiect.<\/p>\n<p>Anelir y digwyddiad ar-lein hwn at:<\/p>\n<ul>\n<li>llunwyr polis\u00efau (lleol a cenedlaethol ill dau);<\/li>\n<li>penderfynwyr yn y GIG a sefydliadau sector cyhoeddus eraill;<\/li>\n<li>cyflogwyr;<\/li>\n<li>comisiynwyr;<\/li>\n<li>rhywun \u00e2 diddordeb mewn cyflogaeth \u00e2 chymorth, coetsio swyddi ac interniaethiau \u00e2 chymorth ar gyfer pobl gydag anabledd dysgu neu awtistiaeth.<\/li>\n<\/ul>\n<p>Lleoliad:\u00a0\u00a0\u00a0 Ar-lein trwy Microsoft Teams (anfonir cyfarwyddiadau llawn pan archebwch chi)<\/p>\n<p>Dyddiad:\u00a0\u00a0 24 Mawrth 2021<\/p>\n<p>Amser:\u00a0\u00a0\u00a0\u00a0\u00a0\u00a0 10:00 \u2013 11:30<\/p>\n<p>Archebwch eich lle am ddim nawr.<\/p>\n<p>Cyflawnir prosiect <a href=\"http:\/\/www.engagetochange.org.uk\/?lang=cy\">Engage to Change<\/a> mewn partneriaeth rhwng Anabledd Dysgu Cymru, <a href=\"https:\/\/www.agoriad.org.uk\/home.html\">Agoriad Cyf<\/a>, <a href=\"https:\/\/allwalespeople1st.co.uk\/\">Pobl yn Gyntaf Cymru Gyfan<\/a>, <a href=\"https:\/\/www.cardiff.ac.uk\/cy\">Prifysgol Caerdydd<\/a>, <a href=\"https:\/\/elitesea.co.uk\/\">ELITE Supported Employment<\/a> ac mewn cydweithrediad \u00e2 <a href=\"https:\/\/www.dfnprojectsearch.org\/\">Phrosiect Search DFN<\/a>.\u00a0 Cyllidir y prosiect gan <a href=\"https:\/\/www.tnlcommunityfund.org.uk\/welsh\">Gronfa Gymunedol y Loteri<\/a> <a href=\"https:\/\/www.tnlcommunityfund.org.uk\/welsh\">Genedlaethol<\/a> mewn partneriaeth \u00e2 <a href=\"https:\/\/gov.wales\/\">Llywodraeth Cymru<\/a> trwy raglen <a href=\"https:\/\/www.tnlcommunityfund.org.uk\/welsh\/funding\/programmes\/getting-ahead2\">Getting Ahead 2<\/a>.<\/p>\n","protected":false},"excerpt":{"rendered":"<p>Ymunwch \u00e2 ni ar 24 Mawrth i wybod mwy am yr Ymchwil tu \u00f4l i Engage to Change a\u2019r hyn rydyn ni\u2019n credu sydd eisiau digwydd yng Nghymru i alluogi mwy o bobl gydag anabledd dysgu neu awtistiaeth i ddod o hyd i a chadw gwaith am d\u00e2l. Er 2016, mae\u2019r prosiect Engage to Change &hellip; <a href=\"https:\/\/www.ldw.org.uk\/cy\/event\/y-ffordd-ymlaen\/\">Continued<\/a><\/p>\n","protected":false},"featured_media":20378,"comment_status":"open","ping_status":"closed","template":"","meta":[],"acf":[],"yoast_head":"<!-- This site is optimized with the Yoast SEO plugin v20.11 - https:\/\/yoast.com\/wordpress\/plugins\/seo\/ -->\n<title>Y ffordd ymlaen - darparu\u00a0cyflogaeth\u00a0ar\u00a0gyfer\u00a0pobl\u00a0gydag\u00a0anabledd\u00a0dysgu\u00a0ac\u00a0awtistiaeth - Anabledd Dysgu Cymru<\/title>\n<meta name=\"robots\" content=\"index, follow, max-snippet:-1, max-image-preview:large, max-video-preview:-1\" \/>\n<link rel=\"canonical\" href=\"https:\/\/www.ldw.org.uk\/cy\/event\/y-ffordd-ymlaen\/\" \/>\n<meta property=\"og:locale\" content=\"cy_GB\" \/>\n<meta property=\"og:type\" content=\"article\" \/>\n<meta property=\"og:title\" content=\"Y ffordd ymlaen - darparu\u00a0cyflogaeth\u00a0ar\u00a0gyfer\u00a0pobl\u00a0gydag\u00a0anabledd\u00a0dysgu\u00a0ac\u00a0awtistiaeth - Anabledd Dysgu Cymru\" \/>\n<meta property=\"og:description\" content=\"Ymunwch \u00e2 ni ar 24 Mawrth i wybod mwy am yr Ymchwil tu \u00f4l i Engage to Change a\u2019r hyn rydyn ni\u2019n credu sydd eisiau digwydd yng Nghymru i alluogi mwy o bobl gydag anabledd dysgu neu awtistiaeth i ddod o hyd i a chadw gwaith am d\u00e2l. Er 2016, mae\u2019r prosiect Engage to Change &hellip; Continued\" \/>\n<meta property=\"og:url\" content=\"https:\/\/www.ldw.org.uk\/cy\/event\/y-ffordd-ymlaen\/\" \/>\n<meta property=\"og:site_name\" content=\"Anabledd Dysgu Cymru\" \/>\n<meta property=\"article:modified_time\" content=\"2021-02-24T11:01:55+00:00\" \/>\n<meta property=\"og:image\" content=\"https:\/\/www.ldw.org.uk\/wp-content\/uploads\/2021\/02\/IMG_0319.jpg\" \/>\n\t<meta property=\"og:image:width\" content=\"3264\" \/>\n\t<meta property=\"og:image:height\" content=\"2448\" \/>\n\t<meta property=\"og:image:type\" content=\"image\/jpeg\" \/>\n<meta name=\"twitter:card\" content=\"summary_large_image\" \/>\n<meta name=\"twitter:label1\" content=\"Est. reading time\" \/>\n\t<meta name=\"twitter:data1\" content=\"2 minutes\" \/>\n<script type=\"application\/ld+json\" class=\"yoast-schema-graph\">{\"@context\":\"https:\/\/schema.org\",\"@graph\":[{\"@type\":\"WebPage\",\"@id\":\"https:\/\/www.ldw.org.uk\/cy\/event\/y-ffordd-ymlaen\/\",\"url\":\"https:\/\/www.ldw.org.uk\/cy\/event\/y-ffordd-ymlaen\/\",\"name\":\"Y ffordd ymlaen - darparu\u00a0cyflogaeth\u00a0ar\u00a0gyfer\u00a0pobl\u00a0gydag\u00a0anabledd\u00a0dysgu\u00a0ac\u00a0awtistiaeth - Anabledd Dysgu Cymru\",\"isPartOf\":{\"@id\":\"https:\/\/www.ldw.org.uk\/#website\"},\"datePublished\":\"2021-02-24T09:59:02+00:00\",\"dateModified\":\"2021-02-24T11:01:55+00:00\",\"breadcrumb\":{\"@id\":\"https:\/\/www.ldw.org.uk\/cy\/event\/y-ffordd-ymlaen\/#breadcrumb\"},\"inLanguage\":\"cy-GB\",\"potentialAction\":[{\"@type\":\"ReadAction\",\"target\":[\"https:\/\/www.ldw.org.uk\/cy\/event\/y-ffordd-ymlaen\/\"]}]},{\"@type\":\"WebSite\",\"@id\":\"https:\/\/www.ldw.org.uk\/#website\",\"url\":\"https:\/\/www.ldw.org.uk\/\",\"name\":\"Anabledd Dysgu Cymru\",\"description\":\"\",\"potentialAction\":[{\"@type\":\"SearchAction\",\"target\":{\"@type\":\"EntryPoint\",\"urlTemplate\":\"https:\/\/www.ldw.org.uk\/?s={search_term_string}\"},\"query-input\":\"required name=search_term_string\"}],\"inLanguage\":\"cy-GB\"}]}<\/script>\n<!-- \/ Yoast SEO plugin. -->","yoast_head_json":{"title":"Y ffordd ymlaen - darparu\u00a0cyflogaeth\u00a0ar\u00a0gyfer\u00a0pobl\u00a0gydag\u00a0anabledd\u00a0dysgu\u00a0ac\u00a0awtistiaeth - Anabledd Dysgu Cymru","robots":{"index":"index","follow":"follow","max-snippet":"max-snippet:-1","max-image-preview":"max-image-preview:large","max-video-preview":"max-video-preview:-1"},"canonical":"https:\/\/www.ldw.org.uk\/cy\/event\/y-ffordd-ymlaen\/","og_locale":"cy_GB","og_type":"article","og_title":"Y ffordd ymlaen - darparu\u00a0cyflogaeth\u00a0ar\u00a0gyfer\u00a0pobl\u00a0gydag\u00a0anabledd\u00a0dysgu\u00a0ac\u00a0awtistiaeth - Anabledd Dysgu Cymru","og_description":"Ymunwch \u00e2 ni ar 24 Mawrth i wybod mwy am yr Ymchwil tu \u00f4l i Engage to Change a\u2019r hyn rydyn ni\u2019n credu sydd eisiau digwydd yng Nghymru i alluogi mwy o bobl gydag anabledd dysgu neu awtistiaeth i ddod o hyd i a chadw gwaith am d\u00e2l. Er 2016, mae\u2019r prosiect Engage to Change &hellip; Continued","og_url":"https:\/\/www.ldw.org.uk\/cy\/event\/y-ffordd-ymlaen\/","og_site_name":"Anabledd Dysgu Cymru","article_modified_time":"2021-02-24T11:01:55+00:00","og_image":[{"width":3264,"height":2448,"url":"https:\/\/www.ldw.org.uk\/wp-content\/uploads\/2021\/02\/IMG_0319.jpg","type":"image\/jpeg"}],"twitter_card":"summary_large_image","twitter_misc":{"Est. reading time":"2 minutes"},"schema":{"@context":"https:\/\/schema.org","@graph":[{"@type":"WebPage","@id":"https:\/\/www.ldw.org.uk\/cy\/event\/y-ffordd-ymlaen\/","url":"https:\/\/www.ldw.org.uk\/cy\/event\/y-ffordd-ymlaen\/","name":"Y ffordd ymlaen - darparu\u00a0cyflogaeth\u00a0ar\u00a0gyfer\u00a0pobl\u00a0gydag\u00a0anabledd\u00a0dysgu\u00a0ac\u00a0awtistiaeth - Anabledd Dysgu Cymru","isPartOf":{"@id":"https:\/\/www.ldw.org.uk\/#website"},"datePublished":"2021-02-24T09:59:02+00:00","dateModified":"2021-02-24T11:01:55+00:00","breadcrumb":{"@id":"https:\/\/www.ldw.org.uk\/cy\/event\/y-ffordd-ymlaen\/#breadcrumb"},"inLanguage":"cy-GB","potentialAction":[{"@type":"ReadAction","target":["https:\/\/www.ldw.org.uk\/cy\/event\/y-ffordd-ymlaen\/"]}]},{"@type":"WebSite","@id":"https:\/\/www.ldw.org.uk\/#website","url":"https:\/\/www.ldw.org.uk\/","name":"Anabledd Dysgu Cymru","description":"","potentialAction":[{"@type":"SearchAction","target":{"@type":"EntryPoint","urlTemplate":"https:\/\/www.ldw.org.uk\/?s={search_term_string}"},"query-input":"required name=search_term_string"}],"inLanguage":"cy-GB"}]}},"_links":{"self":[{"href":"https:\/\/www.ldw.org.uk\/cy\/wp-json\/wp\/v2\/product\/20343"}],"collection":[{"href":"https:\/\/www.ldw.org.uk\/cy\/wp-json\/wp\/v2\/product"}],"about":[{"href":"https:\/\/www.ldw.org.uk\/cy\/wp-json\/wp\/v2\/types\/product"}],"replies":[{"embeddable":true,"href":"https:\/\/www.ldw.org.uk\/cy\/wp-json\/wp\/v2\/comments?post=20343"}],"wp:featuredmedia":[{"embeddable":true,"href":"https:\/\/www.ldw.org.uk\/cy\/wp-json\/wp\/v2\/media\/20378"}],"wp:attachment":[{"href":"https:\/\/www.ldw.org.uk\/cy\/wp-json\/wp\/v2\/media?parent=20343"}],"curies":[{"name":"wp","href":"https:\/\/api.w.org\/{rel}","templated":true}]}}