{"id":37774,"date":"2024-04-15T11:00:53","date_gmt":"2024-04-15T10:00:53","guid":{"rendered":"https:\/\/www.ldw.org.uk\/?post_type=product&#038;p=37774"},"modified":"2024-04-15T11:38:39","modified_gmt":"2024-04-15T10:38:39","slug":"cyfarfod-y-grwp-trawsbleidiol-ar-anabledd-dysgu-mehefin","status":"publish","type":"product","link":"https:\/\/www.ldw.org.uk\/cy\/event\/cyfarfod-y-grwp-trawsbleidiol-ar-anabledd-dysgu-mehefin\/","title":{"rendered":"Cyfarfod y Gr\u0175p Trawsbleidiol ar Anabledd Dysgu"},"content":{"rendered":"<h2>Ymunwch \u00e2 ni ar gyfer y Gr\u0175p Trawsbleidiol nesaf ar Anabledd Dysgu<\/h2>\n<p><strong>Dydd Mercher 26 Mehefin 2024<\/strong><\/p>\n<p><strong>11:15 am &#8211; 12:15 pm<\/strong><\/p>\n<p><strong>Ar-lein trwy Zoom<\/strong><\/p>\n<h3>Beth yw&#8217;r Gr\u0175p Trawsbleidiol ar Anabledd Dysgu?<\/h3>\n<p>Sefydlwyd y gr\u0175p yn dilyn trafodaethau o fewn y Consortiwm am yr angen i amlygu\u2019r materion penodol mae pobl ag anabledd dysgu a\u2019u teuluoedd\/gofalwyr yn eu hwynebu yng Nghymru.<\/p>\n<p>Mae\u2019r Gr\u0175p Trawsbleidiol yn cynnwys Aelodau\u2019r Senedd o rai o\u2019r prif bleidiau gwleidyddol yng Nghymru ac aelodau o Gr\u0175p Cyfeirio Anabledd Cymru. Nod y Gr\u0175p yw hyrwyddo\u2019r materion sy\u2019n effeithio ar fywydau pobl ag anabledd dysgu yng Nghymru a\u2019u teuluoedd\/gofalwyr. Anabledd Dysgu Cymru yw ysgrifenyddiaeth y Gr\u0175p Trawsbleidiol ar Anabledd Dysgu, ar ran y Consortiwm Anabledd Dysgu. Mae Consortiwm Anabledd Dysgu yn cynnwys sefydliadau trydydd sector yng Nghymru sy\u2019n cynrychioli buddiannau pobl ag anableddau dysgu a\u2019u teuluoedd\/gofalwyr: <a href=\"https:\/\/www.allwalesforum.org.uk\/\" target=\"_blank\" rel=\"noopener\">All Wales Forum<\/a>,\u00a0<a href=\"https:\/\/allwalespeople1st.co.uk\/?lang=cy\" target=\"_blank\" rel=\"noopener\">Pobl yn Gyntaf Cymru Gyfan<\/a>,\u00a0<a href=\"https:\/\/www.cymorthcymru.org.uk\/cym\/\" target=\"_blank\" rel=\"noopener\">Cymorth Cymru<\/a>, Anabledd Dysgu Cymru a\u00a0<a href=\"https:\/\/wales.mencap.org.uk\/cy\" target=\"_blank\" rel=\"noopener\">Mencap Cymru<\/a>.<\/p>\n<p><a href=\"https:\/\/www.ldw.org.uk\/cy\/project\/grwp-trawsbleidiol-ar-anabledd-dsygu\/\" target=\"_blank\" rel=\"noopener\">Gallwch ddarllen mwy am y Gr\u0175p Trawsbleidiol ar ein gwefan.<\/a><\/p>\n<h3>Beth fydd yn digwydd yn y cyfarfod?<\/h3>\n<p>Yn y cyfarfod bydd cyflwyniad a thrafodaeth ar fater cyfoes a chyfle i rannu eich barn.<\/p>\n<h3>Ar gyfer pwy mae&#8217;r digwyddiad hwn?<\/h3>\n<p>Mae\u2019r Gr\u0175p Trawsbleidiol ar Anabledd Dysgu yn agored i unrhyw un sydd \u00e2 diddordeb yn y materion sy\u2019n effeithio ar fywydau pobl ag anabledd dysgu a\u2019u teuluoedd\/gofalwyr yng Nghymru.<\/p>\n<h3>Sut i ymuno \u00e2&#8217;r cyfarfod<\/h3>\n<p>Bydd y cyfarfod yn cael ei gynnal ar Zoom. Cadwch eich lle ar waelod y dudalen hon.<\/p>\n<p>Amser: 11.15 yb &#8211; 12.15 yp<\/p>\n<p>Dyddiad: Dydd Mercher 26 Mehefin 2024<\/p>\n<p>Lleoliad: Zoom<\/p>\n<p><a class=\"btn btn-red\" style=\"background-color: #f0f0f0;\" href=\"https:\/\/us02web.zoom.us\/meeting\/register\/tZAlcOGvqjorGdCBFQUDowew-irK_wWyCLTS\" target=\"_blank\" rel=\"noopener noreferrer\">Archebwch eich lle yma<\/a><\/p>\n<p><strong>Ni fydd yn bosibl cadw lle ar-lein ar gael ar y diwrnod. Os hoffech chi fynychu ond na allwch chi gadw lle ar-lein am unrhyw reswm, e-bostiwch y manylion canlynol i <a href=\"mailto:theeventsteam@ldw.org.uk\" target=\"_blank\" rel=\"noopener\">TheEventsTeam@ldw.org.uk<\/a>\u00a0neu ffonio 029 2068 1160:<\/strong><\/p>\n<ul>\n<li><strong>Enw llawn<\/strong><\/li>\n<li><strong>Sefydliad<\/strong><\/li>\n<li><strong>Cyfeiriad e-bost<\/strong><\/li>\n<li><strong>Rhif ff\u00f4n.<\/strong><\/li>\n<\/ul>\n<p>&nbsp;<\/p>\n","protected":false},"excerpt":{"rendered":"<p>Ymunwch \u00e2 ni ar gyfer y Gr\u0175p Trawsbleidiol nesaf ar Anabledd Dysgu Dydd Mercher 26 Mehefin 2024 11:15 am &#8211; 12:15 pm Ar-lein trwy Zoom Beth yw&#8217;r Gr\u0175p Trawsbleidiol ar Anabledd Dysgu? Sefydlwyd y gr\u0175p yn dilyn trafodaethau o fewn y Consortiwm am yr angen i amlygu\u2019r materion penodol mae pobl ag anabledd dysgu a\u2019u &hellip; <a href=\"https:\/\/www.ldw.org.uk\/cy\/event\/cyfarfod-y-grwp-trawsbleidiol-ar-anabledd-dysgu-mehefin\/\">Continued<\/a><\/p>\n","protected":false},"featured_media":35730,"comment_status":"closed","ping_status":"closed","template":"","meta":[],"acf":[],"yoast_head":"<!-- This site is optimized with the Yoast SEO plugin v20.11 - https:\/\/yoast.com\/wordpress\/plugins\/seo\/ -->\n<title>Cyfarfod y Gr\u0175p Trawsbleidiol ar Anabledd Dysgu - Anabledd Dysgu Cymru<\/title>\n<meta name=\"description\" content=\"Ymunwch \u00e2 ni ar gyfer y Gr\u0175p Trawsbleidiol nesaf ar Anabledd Dysgu\" \/>\n<meta name=\"robots\" content=\"index, follow, max-snippet:-1, max-image-preview:large, max-video-preview:-1\" \/>\n<link rel=\"canonical\" href=\"https:\/\/www.ldw.org.uk\/cy\/event\/cyfarfod-y-grwp-trawsbleidiol-ar-anabledd-dysgu-mehefin\/\" \/>\n<meta property=\"og:locale\" content=\"cy_GB\" \/>\n<meta property=\"og:type\" content=\"article\" \/>\n<meta property=\"og:title\" content=\"Cyfarfod y Gr\u0175p Trawsbleidiol ar Anabledd Dysgu - Anabledd Dysgu Cymru\" \/>\n<meta property=\"og:description\" content=\"Ymunwch \u00e2 ni ar gyfer y Gr\u0175p Trawsbleidiol nesaf ar Anabledd Dysgu\" \/>\n<meta property=\"og:url\" content=\"https:\/\/www.ldw.org.uk\/cy\/event\/cyfarfod-y-grwp-trawsbleidiol-ar-anabledd-dysgu-mehefin\/\" \/>\n<meta property=\"og:site_name\" content=\"Anabledd Dysgu Cymru\" \/>\n<meta property=\"article:modified_time\" content=\"2024-04-15T10:38:39+00:00\" \/>\n<meta property=\"og:image\" content=\"http:\/\/www.ldw.org.uk\/wp-content\/uploads\/2023\/06\/7.-friends.jpg\" \/>\n\t<meta property=\"og:image:width\" content=\"540\" \/>\n\t<meta property=\"og:image:height\" content=\"527\" \/>\n\t<meta property=\"og:image:type\" content=\"image\/jpeg\" \/>\n<meta name=\"twitter:card\" content=\"summary_large_image\" \/>\n<meta name=\"twitter:label1\" content=\"Est. reading time\" \/>\n\t<meta name=\"twitter:data1\" content=\"2 minutes\" \/>\n<script type=\"application\/ld+json\" class=\"yoast-schema-graph\">{\"@context\":\"https:\/\/schema.org\",\"@graph\":[{\"@type\":\"WebPage\",\"@id\":\"https:\/\/www.ldw.org.uk\/cy\/event\/cyfarfod-y-grwp-trawsbleidiol-ar-anabledd-dysgu-mehefin\/\",\"url\":\"https:\/\/www.ldw.org.uk\/cy\/event\/cyfarfod-y-grwp-trawsbleidiol-ar-anabledd-dysgu-mehefin\/\",\"name\":\"Cyfarfod y Gr\u0175p Trawsbleidiol ar Anabledd Dysgu - Anabledd Dysgu Cymru\",\"isPartOf\":{\"@id\":\"https:\/\/www.ldw.org.uk\/#website\"},\"datePublished\":\"2024-04-15T10:00:53+00:00\",\"dateModified\":\"2024-04-15T10:38:39+00:00\",\"description\":\"Ymunwch \u00e2 ni ar gyfer y Gr\u0175p Trawsbleidiol nesaf ar Anabledd Dysgu\",\"breadcrumb\":{\"@id\":\"https:\/\/www.ldw.org.uk\/cy\/event\/cyfarfod-y-grwp-trawsbleidiol-ar-anabledd-dysgu-mehefin\/#breadcrumb\"},\"inLanguage\":\"cy-GB\",\"potentialAction\":[{\"@type\":\"ReadAction\",\"target\":[\"https:\/\/www.ldw.org.uk\/cy\/event\/cyfarfod-y-grwp-trawsbleidiol-ar-anabledd-dysgu-mehefin\/\"]}]},{\"@type\":\"WebSite\",\"@id\":\"https:\/\/www.ldw.org.uk\/#website\",\"url\":\"https:\/\/www.ldw.org.uk\/\",\"name\":\"Anabledd Dysgu Cymru\",\"description\":\"\",\"potentialAction\":[{\"@type\":\"SearchAction\",\"target\":{\"@type\":\"EntryPoint\",\"urlTemplate\":\"https:\/\/www.ldw.org.uk\/?s={search_term_string}\"},\"query-input\":\"required name=search_term_string\"}],\"inLanguage\":\"cy-GB\"}]}<\/script>\n<!-- \/ Yoast SEO plugin. -->","yoast_head_json":{"title":"Cyfarfod y Gr\u0175p Trawsbleidiol ar Anabledd Dysgu - Anabledd Dysgu Cymru","description":"Ymunwch \u00e2 ni ar gyfer y Gr\u0175p Trawsbleidiol nesaf ar Anabledd Dysgu","robots":{"index":"index","follow":"follow","max-snippet":"max-snippet:-1","max-image-preview":"max-image-preview:large","max-video-preview":"max-video-preview:-1"},"canonical":"https:\/\/www.ldw.org.uk\/cy\/event\/cyfarfod-y-grwp-trawsbleidiol-ar-anabledd-dysgu-mehefin\/","og_locale":"cy_GB","og_type":"article","og_title":"Cyfarfod y Gr\u0175p Trawsbleidiol ar Anabledd Dysgu - Anabledd Dysgu Cymru","og_description":"Ymunwch \u00e2 ni ar gyfer y Gr\u0175p Trawsbleidiol nesaf ar Anabledd Dysgu","og_url":"https:\/\/www.ldw.org.uk\/cy\/event\/cyfarfod-y-grwp-trawsbleidiol-ar-anabledd-dysgu-mehefin\/","og_site_name":"Anabledd Dysgu Cymru","article_modified_time":"2024-04-15T10:38:39+00:00","og_image":[{"width":540,"height":527,"url":"http:\/\/www.ldw.org.uk\/wp-content\/uploads\/2023\/06\/7.-friends.jpg","type":"image\/jpeg"}],"twitter_card":"summary_large_image","twitter_misc":{"Est. reading time":"2 minutes"},"schema":{"@context":"https:\/\/schema.org","@graph":[{"@type":"WebPage","@id":"https:\/\/www.ldw.org.uk\/cy\/event\/cyfarfod-y-grwp-trawsbleidiol-ar-anabledd-dysgu-mehefin\/","url":"https:\/\/www.ldw.org.uk\/cy\/event\/cyfarfod-y-grwp-trawsbleidiol-ar-anabledd-dysgu-mehefin\/","name":"Cyfarfod y Gr\u0175p Trawsbleidiol ar Anabledd Dysgu - Anabledd Dysgu Cymru","isPartOf":{"@id":"https:\/\/www.ldw.org.uk\/#website"},"datePublished":"2024-04-15T10:00:53+00:00","dateModified":"2024-04-15T10:38:39+00:00","description":"Ymunwch \u00e2 ni ar gyfer y Gr\u0175p Trawsbleidiol nesaf ar Anabledd Dysgu","breadcrumb":{"@id":"https:\/\/www.ldw.org.uk\/cy\/event\/cyfarfod-y-grwp-trawsbleidiol-ar-anabledd-dysgu-mehefin\/#breadcrumb"},"inLanguage":"cy-GB","potentialAction":[{"@type":"ReadAction","target":["https:\/\/www.ldw.org.uk\/cy\/event\/cyfarfod-y-grwp-trawsbleidiol-ar-anabledd-dysgu-mehefin\/"]}]},{"@type":"WebSite","@id":"https:\/\/www.ldw.org.uk\/#website","url":"https:\/\/www.ldw.org.uk\/","name":"Anabledd Dysgu Cymru","description":"","potentialAction":[{"@type":"SearchAction","target":{"@type":"EntryPoint","urlTemplate":"https:\/\/www.ldw.org.uk\/?s={search_term_string}"},"query-input":"required name=search_term_string"}],"inLanguage":"cy-GB"}]}},"_links":{"self":[{"href":"https:\/\/www.ldw.org.uk\/cy\/wp-json\/wp\/v2\/product\/37774"}],"collection":[{"href":"https:\/\/www.ldw.org.uk\/cy\/wp-json\/wp\/v2\/product"}],"about":[{"href":"https:\/\/www.ldw.org.uk\/cy\/wp-json\/wp\/v2\/types\/product"}],"replies":[{"embeddable":true,"href":"https:\/\/www.ldw.org.uk\/cy\/wp-json\/wp\/v2\/comments?post=37774"}],"wp:featuredmedia":[{"embeddable":true,"href":"https:\/\/www.ldw.org.uk\/cy\/wp-json\/wp\/v2\/media\/35730"}],"wp:attachment":[{"href":"https:\/\/www.ldw.org.uk\/cy\/wp-json\/wp\/v2\/media?parent=37774"}],"curies":[{"name":"wp","href":"https:\/\/api.w.org\/{rel}","templated":true}]}}